{"id":259,"date":"2025-01-13T21:30:53","date_gmt":"2025-01-13T20:30:53","guid":{"rendered":"https:\/\/www.centremediage.fr\/laskinacademie.com\/?page_id=259"},"modified":"2025-01-13T21:31:30","modified_gmt":"2025-01-13T20:31:30","slug":"politique-de-confidentialite-2","status":"publish","type":"page","link":"https:\/\/www.centremediage.fr\/laskinacademie.com\/politique-de-confidentialite-2\/","title":{"rendered":"politique de confidentialite"},"content":{"rendered":"\t\t<div data-elementor-type=\"wp-page\" data-elementor-id=\"259\" class=\"elementor elementor-259\" data-elementor-post-type=\"page\">\n\t\t\t\t\t\t<section class=\"elementor-section elementor-top-section elementor-element elementor-element-205e9d5 elementor-section-full_width elementor-section-height-default elementor-section-height-default\" data-id=\"205e9d5\" data-element_type=\"section\">\n\t\t\t\t\t\t<div class=\"elementor-container elementor-column-gap-no\">\n\t\t\t\t\t<div class=\"elementor-column elementor-col-100 elementor-top-column elementor-element elementor-element-c5c3e20\" data-id=\"c5c3e20\" data-element_type=\"column\">\n\t\t\t<div class=\"elementor-widget-wrap elementor-element-populated\">\n\t\t\t\t\t\t<div class=\"elementor-element elementor-element-59d009c image-100p elementor-widget elementor-widget-image\" data-id=\"59d009c\" data-element_type=\"widget\" data-widget_type=\"image.default\">\n\t\t\t\t<div class=\"elementor-widget-container\">\n\t\t\t\t\t\t\t\t\t\t\t\t\t\t\t<img decoding=\"async\" src=\"https:\/\/www.centremediage.fr\/laskinacademie.com\/wp-content\/plugins\/elementor\/assets\/images\/placeholder.png\" title=\"\" alt=\"\" loading=\"lazy\" \/>\t\t\t\t\t\t\t\t\t\t\t\t\t\t\t<\/div>\n\t\t\t\t<\/div>\n\t\t\t\t\t<\/div>\n\t\t<\/div>\n\t\t\t\t\t<\/div>\n\t\t<\/section>\n\t\t\t\t<section class=\"elementor-section elementor-top-section elementor-element elementor-element-699f00d elementor-section-full_width elementor-section-height-default elementor-section-height-default\" data-id=\"699f00d\" data-element_type=\"section\" data-settings=\"{&quot;background_background&quot;:&quot;classic&quot;}\">\n\t\t\t\t\t\t<div class=\"elementor-container elementor-column-gap-wider\">\n\t\t\t\t\t<div class=\"elementor-column elementor-col-100 elementor-top-column elementor-element elementor-element-288f3bc\" data-id=\"288f3bc\" data-element_type=\"column\" data-settings=\"{&quot;background_background&quot;:&quot;classic&quot;}\">\n\t\t\t<div class=\"elementor-widget-wrap elementor-element-populated\">\n\t\t\t\t\t\t<div class=\"elementor-element elementor-element-b59d1cf elementor-widget elementor-widget-spacer\" data-id=\"b59d1cf\" data-element_type=\"widget\" data-widget_type=\"spacer.default\">\n\t\t\t\t<div class=\"elementor-widget-container\">\n\t\t\t\t\t\t\t<div class=\"elementor-spacer\">\n\t\t\t<div class=\"elementor-spacer-inner\"><\/div>\n\t\t<\/div>\n\t\t\t\t\t\t<\/div>\n\t\t\t\t<\/div>\n\t\t\t\t<div class=\"elementor-element elementor-element-e34f94a elementor-widget elementor-widget-heading\" data-id=\"e34f94a\" data-element_type=\"widget\" data-widget_type=\"heading.default\">\n\t\t\t\t<div class=\"elementor-widget-container\">\n\t\t\t\t\t<h1 class=\"elementor-heading-title elementor-size-default\"><span style=\"font-weight: 300\">POLITIQUE de confidentialit\u00e9<\/span><\/h1>\t\t\t\t<\/div>\n\t\t\t\t<\/div>\n\t\t\t\t<div class=\"elementor-element elementor-element-b570119 elementor-widget elementor-widget-heading\" data-id=\"b570119\" data-element_type=\"widget\" data-widget_type=\"heading.default\">\n\t\t\t\t<div class=\"elementor-widget-container\">\n\t\t\t\t\t<h3 class=\"elementor-heading-title elementor-size-default\">La Skin Acad\u00e9mie by M\u00e9diAge Formations <br><br>OF n\u00b084691484269<\/h3>\t\t\t\t<\/div>\n\t\t\t\t<\/div>\n\t\t\t\t<div class=\"elementor-element elementor-element-84aa260 elementor-widget-divider--view-line elementor-widget elementor-widget-divider\" data-id=\"84aa260\" data-element_type=\"widget\" data-widget_type=\"divider.default\">\n\t\t\t\t<div class=\"elementor-widget-container\">\n\t\t\t\t\t\t\t<div class=\"elementor-divider\">\n\t\t\t<span class=\"elementor-divider-separator\">\n\t\t\t\t\t\t<\/span>\n\t\t<\/div>\n\t\t\t\t\t\t<\/div>\n\t\t\t\t<\/div>\n\t\t\t\t\t<\/div>\n\t\t<\/div>\n\t\t\t\t\t<\/div>\n\t\t<\/section>\n\t\t\t\t<section class=\"elementor-section elementor-top-section elementor-element elementor-element-5632179 elementor-section-boxed elementor-section-height-default elementor-section-height-default\" data-id=\"5632179\" data-element_type=\"section\">\n\t\t\t\t\t\t<div class=\"elementor-container elementor-column-gap-default\">\n\t\t\t\t\t<div class=\"elementor-column elementor-col-100 elementor-top-column elementor-element elementor-element-70baa5b\" data-id=\"70baa5b\" data-element_type=\"column\">\n\t\t\t<div class=\"elementor-widget-wrap elementor-element-populated\">\n\t\t\t\t\t\t<div class=\"elementor-element elementor-element-63e9559 elementor-widget elementor-widget-text-editor\" data-id=\"63e9559\" data-element_type=\"widget\" data-widget_type=\"text-editor.default\">\n\t\t\t\t<div class=\"elementor-widget-container\">\n\t\t\t\t\t\t\t\t\t<p>Veuillez lire attentivement la pr\u00e9sente politique de protection des donn\u00e9es personnelles afin de comprendre les pratiques concernant os donn\u00e9es personnelles et la mani\u00e8re dont nous les traitons.\u00a0<\/p>\t\t\t\t\t\t\t\t<\/div>\n\t\t\t\t<\/div>\n\t\t\t\t\t<\/div>\n\t\t<\/div>\n\t\t\t\t\t<\/div>\n\t\t<\/section>\n\t\t\t\t<section class=\"elementor-section elementor-top-section elementor-element elementor-element-817f2fb elementor-section-content-top elementor-section-boxed elementor-section-height-default elementor-section-height-default\" data-id=\"817f2fb\" data-element_type=\"section\">\n\t\t\t\t\t\t<div class=\"elementor-container elementor-column-gap-default\">\n\t\t\t\t\t<div class=\"elementor-column elementor-col-50 elementor-top-column elementor-element elementor-element-43aa745\" data-id=\"43aa745\" data-element_type=\"column\">\n\t\t\t<div class=\"elementor-widget-wrap elementor-element-populated\">\n\t\t\t\t\t\t<div class=\"elementor-element elementor-element-e095dfe elementor-widget elementor-widget-text-editor\" data-id=\"e095dfe\" data-element_type=\"widget\" data-widget_type=\"text-editor.default\">\n\t\t\t\t<div class=\"elementor-widget-container\">\n\t\t\t\t\t\t\t\t\t<p style=\"color: #333333;\">Veuillez lire attentivement la pr\u00e9sente politique de protection des donn\u00e9es personnelles afin de comprendre les et pratiques concernant vos donn\u00e9es personnelles et la mani\u00e8re dont nous les traitons. La pr\u00e9sente politique explique la mani\u00e8re dont vos donn\u00e9es personnelles sont recueillies, utilis\u00e9es et divulgu\u00e9es \u00e0 M\u00e9diage Formations.<\/p><p style=\"color: #333333;\">La pr\u00e9sente politique couvre \u00e0 la fois nos activit\u00e9s de collecte de donn\u00e9es en ligne et hors ligne, y compris les donn\u00e9es personnelles que nous recueillons par le biais de nos diff\u00e9rents canaux tels que notre site web, r\u00e9seaux sociaux tiers ou \u00e9v\u00e9nements, salons et congr\u00e8s. Sachez que nous regroupons les donn\u00e9es personnelles que nous recueillons par le biais d&rsquo;une m\u00e9thode <em>(par exemple, site web M\u00e9diage Formations)<\/em> et les donn\u00e9es personnelles que nous recueillons par le biais d&rsquo;une autre m\u00e9thode <em>(par exemple, un \u00e9v\u00e9nement ou un salons, un congr\u00e8s hors ligne M\u00e9diage Formations)<\/em>.<\/p><p style=\"line-height: 1.5rem;\"><span style=\"color: #333333;\"><strong> 1. PROVENANCE DES DONN\u00c9ES PERSONNELLES<\/strong><\/span><br \/><span style=\"color: #333333;\">Sites web M\u00e9diage Formations g\u00e9r\u00e9s par ou pour M\u00e9diage Formations, y compris le site que nous exploitons sous notre propre nom de domaine\/URL et les r\u00e9seaux sociaux tiers tels que Facebook, YouTube, Instagram, WhatApp, e-mails, SMS et autres messages \u00e9lectroniques. Communications \u00e9lectroniques entre vous et M\u00e9diage Formations.\u00a0Appels \u00e0 notre centres de formation. Formulaires d&rsquo;inscription en ligne. Formulaires d&rsquo;inscription papier et formulaires similaires que Nous recueillons dans le cadre, par exemple, de courriers postaux, de d\u00e9monstrations en institut ou spa, de concours et autres promotions, ou d&rsquo;\u00e9v\u00e9nements.\u00a0Donn\u00e9es issues d&rsquo;autres sources. R\u00e9seaux sociaux tiers <em>(tels que Facebook, Google ou autres)<\/em> ou \u00e9tudes de march\u00e9 (si participation non anonyme).<\/span><\/p><p style=\"line-height: 1.5rem;\"><span style=\"color: #333333;\"><strong> 2. DONN\u00c9ES PERSONNELLES QUE NOUS RECUEILLONS <\/strong><\/span><br \/><span style=\"color: #333333;\">Selon la mani\u00e8re dont vous interagissez avec M\u00e9diage Formations <em>(en ligne, hors ligne, par t\u00e9l\u00e9phone, etc.)<\/em>, nous obtenons de vous diff\u00e9rents types d&rsquo;informations, tels que d\u00e9crits ci-apr\u00e8s. Coordonn\u00e9es personnelles. Cela inclut toute information que vous nous communiquez afin que nous puissions vous contacter, par exemple, votre nom, votre adresse postale, votre adresse \u00e9lectronique, les informations li\u00e9es \u00e0 vos profils sur les r\u00e9seaux sociaux ou votre num\u00e9ro de t\u00e9l\u00e9phone, Email.\u00a0Nous analysons vos interactions avec notre contenu <em>(par exemple, clic, ouverture d&rsquo;e-mail)<\/em> pour vous fournir des informations personnalis\u00e9es en fonction de vos int\u00e9r\u00eats et pr\u00e9f\u00e9rences. Informations d\u00e9mographiques et centres d&rsquo;int\u00e9r\u00eat.\u00a0Toute information qui d\u00e9crit vos caract\u00e9ristiques d\u00e9mographiques ou comportementales. Cela inclut votre \u00e2ge ou votre tranche d&rsquo;\u00e2ge, votre sexe, votre situation g\u00e9ographique <em>(par exemple, votre code postal)<\/em>. Toute information sur le syst\u00e8me informatique ou tout autre appareil technologique que vous utilisez pour acc\u00e9der \u00e0 l&rsquo;un de notre site web ou \u00e0 l&rsquo;une de nos applications, tels que l&rsquo;adresse Internet Protocol (IP) utilis\u00e9e pour connecter votre ordinateur ou appareil \u00e0 Internet, le type de syst\u00e8me d&rsquo;exploitation, et le type et la version de votre navigateur Web. Si vous acc\u00e9dez \u00e0 un site Web ou une application M\u00e9diage Formations \u00e0 partir d&rsquo;un appareil mobile comme un smartphone, les informations recueillies incluront \u00e9galement, lorsque permis, l&rsquo;identifiant publicitaire, la g\u00e9olocalisation et d&rsquo;autres donn\u00e9es similaires propres aux appareils mobiles.<\/span><\/p><p><span style=\"color: #333333;\">Informations d&rsquo;utilisation des Sites web\/d&rsquo;interaction.\u00a0Lorsque vous naviguez et interagissez avec notre site web ou nos newsletters, nous utilisons des technologies de collecte automatique des donn\u00e9es pour recueillir certaines informations relatives \u00e0 vos actions. Cela inclut des informations telles que les liens sur lesquels vous cliquez, les pages ou le contenu que vous consultez et pendant combien de temps, et d&rsquo;autres informations similaires, ainsi que des statistiques sur vos interactions telles que les temps de r\u00e9ponse du contenu, les erreurs de t\u00e9l\u00e9chargement et la dur\u00e9e de visite de certaines pages. Ces informations sont captur\u00e9es \u00e0 l&rsquo;aide de technologies automatis\u00e9es telles que des cookies (cookies de navigateur, cookies flash) et des balises web, et sont \u00e9galement recueillies \u00e0 l&rsquo;aide d&rsquo;un dispositif de suivi tiers. Vous avez le droit de vous opposer \u00e0 l&rsquo;utilisation desdites technologies. Contenu g\u00e9n\u00e9r\u00e9 par le client.\u00a0Cela fait r\u00e9f\u00e9rence \u00e0 tout contenu que vous cr\u00e9ez et partagez avec Nous sur des r\u00e9seaux sociaux tiers ou en le publiant sur notre site web ou l&rsquo;une de nos applications, y compris en utilisant des applications de r\u00e9seaux sociaux tiers tels que Facebook. Cela inclut les photos, vid\u00e9os (YouTube), histoires personnelles ou autre contenu ou m\u00e9dia similaire, posts ou messages priv\u00e9s que vous pouvez laisser sur la page Facebook de M\u00e9diage Formations ou la page Facebook C\u00e9cile Michel. Lorsque permis, nous recueillons et publions le contenu g\u00e9n\u00e9r\u00e9 par le consommateur dans le cadre d&rsquo;activit\u00e9s diverses, y compris concours et autres promotions, fonctions communautaires de site web, engagement des clients et pr\u00e9sence sur des r\u00e9seaux sociaux tiers.<\/span> <span style=\"color: #333333;\">Informations li\u00e9es \u00e0 l&rsquo;utilisation de r\u00e9seaux sociaux tiers.\u00a0Cela fait r\u00e9f\u00e9rence \u00e0 toute information que vous partagez publiquement sur un r\u00e9seau social tiers ou qui fait partie de votre profil sur un r\u00e9seau social tiers (tel que Facebook) et dont vous avez autoris\u00e9 le partage avec Nous par le r\u00e9seau social tiers. Cela inclut vos informations de compte basiques (nom, adresse e-mail, sexe, lieu de r\u00e9sidence actuel, photo de profil, identifiant utilisateur, liste des amis, etc.) et toute autre information ou activit\u00e9 compl\u00e9mentaire dont vous avez autoris\u00e9 le partage par le r\u00e9seau social tiers. Nous recevons vos informations de profils de r\u00e9seaux sociaux tiers (ou une partie d&rsquo;entre elles) chaque fois que vous t\u00e9l\u00e9chargez ou interagissez sur un r\u00e9seau social tiers tel que Facebook, chaque fois que vous utilisez la fonction d&rsquo;un r\u00e9seau social int\u00e9gr\u00e9e \u00e0 un site M\u00e9diage Formations, ou chaque fois que vous interagissez avec nous par le biais d&rsquo;un r\u00e9seau social tiers. Pour en savoir plus sur la mani\u00e8re dont vos informations issues d&rsquo;un r\u00e9seau social tiers sont obtenues par M\u00e9diage Formations, ou pour refuser le partage desdites informations de r\u00e9seaux sociaux, rendez-vous sur le site web du r\u00e9seau social tiers en question.<\/span><\/p><p style=\"line-height: 1.5rem;\"><span style=\"color: #333333;\"><strong> 3. COOKIES\/TECHNOLOGIES SIMILAIRES, FICHIERS JOURNAUX ET BALISES WEB<\/strong><\/span><br \/><span style=\"color: #333333;\">Nous recueillons des informations sous la forme de fichiers journaux qui enregistrent l&rsquo;activit\u00e9 sur notre sites web et collectent des donn\u00e9es statistiques sur vos habitudes de navigation. Ces entr\u00e9es sont g\u00e9n\u00e9r\u00e9es automatiquement et nous aident \u00e0 r\u00e9soudre les probl\u00e8mes en cas d&rsquo;erreurs, \u00e0 am\u00e9liorer les performances et \u00e0 maintenir la s\u00e9curit\u00e9 de notre sites web.<\/span><\/p>\t\t\t\t\t\t\t\t<\/div>\n\t\t\t\t<\/div>\n\t\t\t\t\t<\/div>\n\t\t<\/div>\n\t\t\t\t<div class=\"elementor-column elementor-col-50 elementor-top-column elementor-element elementor-element-b175239\" data-id=\"b175239\" data-element_type=\"column\">\n\t\t\t<div class=\"elementor-widget-wrap elementor-element-populated\">\n\t\t\t\t\t\t<div class=\"elementor-element elementor-element-fb25ff0 elementor-widget elementor-widget-text-editor\" data-id=\"fb25ff0\" data-element_type=\"widget\" data-widget_type=\"text-editor.default\">\n\t\t\t\t<div class=\"elementor-widget-container\">\n\t\t\t\t\t\t\t\t\t<p style=\"line-height: 1.5rem;\"><span style=\"color: #333333;\"><strong>4. UTILISATIONS FAITES DE VOS DONN\u00c9ES PERSONNELLES<\/strong><\/span><br \/><span style=\"text-align: justify;\"><span style=\"color: #333333;\">Nous utilisons vos donn\u00e9es personnelles \u00e0 des fins de service client et notamment pour r\u00e9pondre \u00e0 vos demandes. Ceci implique n\u00e9cessairement de conna\u00eetre certaines coordonn\u00e9es personnelles et informations relatives \u00e0 la nature de votre demande (\u00e9tat d&rsquo;une commande, probl\u00e8me technique, question\/r\u00e9clamation sur un produit formation (relay\u00e9s par nos canaux de communication ou les r\u00e9seaux sociaux par exemple), question d&rsquo;ordre g\u00e9n\u00e9ral, etc.).<\/span><\/span><\/p><p style=\"text-align: justify;\"><span style=\"color: #333333;\">R\u00e9seaux sociaux tiers\u00a0:\u00a0Nous utilisons vos donn\u00e9es personnelles lorsque vous utilisez des fonctions de r\u00e9seaux sociaux tiers, telles que la fonction \u00ab\u00a0J&rsquo;aime\u00a0\u00bb, afin de vous proposer des publicit\u00e9s et d&rsquo;interagir avec vous sur ces r\u00e9seaux sociaux tiers. Pour en savoir plus sur le fonctionnement de ces fonctions, les donn\u00e9es de profil que nous obtenons \u00e0 votre sujet et la proc\u00e9dure pour refuser cette utilisation de vos donn\u00e9es personnelles, il convient de lire notre politique de protection des donn\u00e9es personnelles des r\u00e9seaux sociaux tiers concern\u00e9s. Avec votre consentement (lorsque requis), Nos int\u00e9r\u00eats l\u00e9gitimes, d\u00e9terminer lesquels de nos services peuvent vous int\u00e9resser et vous en parler.<\/span><\/p><p style=\"text-align: justify;\"><span style=\"color: #333333;\">Autres fins d&rsquo;ordre g\u00e9n\u00e9ral (recherche interne, \u00e9tude de march\u00e9, analyse, s\u00e9curit\u00e9, etc.). Conform\u00e9ment aux lois en vigueur, nous utilisons vos donn\u00e9es personnelles \u00e0 d&rsquo;autres fins commerciales d&rsquo;ordre g\u00e9n\u00e9ral, notamment pour r\u00e9aliser une recherche interne ou une \u00e9tude de march\u00e9 et mesurer l&rsquo;efficacit\u00e9 de nos campagnes publicitaires. Nous utilisons \u00e9galement vos donn\u00e9es personnelles dans le but de garantir notre s\u00e9curit\u00e9.<\/span><\/p><p style=\"text-align: justify; line-height: 1.5rem;\"><span style=\"color: #333333;\"><strong>5. DIVULGATION DE VOS DONN\u00c9ES PERSONNELLES<\/strong><\/span><br \/><span style=\"text-align: justify;\"><span style=\"color: #333333;\">Prestataires de services. Il s&rsquo;agit de soci\u00e9t\u00e9s externes que nous sollicitons pour nous aider \u00e0 exercer notre activit\u00e9s (fonctionnement du site web, \u00e9tudes de march\u00e9, services d&rsquo;assistance, promotions, d\u00e9veloppement de site web, analyses des donn\u00e9es, etc.). Ces prestataires de services, et certains membres de leur personnel, sont autoris\u00e9s \u00e0 utiliser vos donn\u00e9es personnelles en notre nom uniquement pour les t\u00e2ches sp\u00e9cifiques pour lesquelles ils ont \u00e9t\u00e9 sollicit\u00e9s, suivant nos instructions, et sont tenus de prot\u00e9ger la confidentialit\u00e9 et la s\u00e9curit\u00e9 de vos donn\u00e9es personnelles. Lorsque la loi en vigueur l&rsquo;exige, vous pouvez obtenir une liste des prestataires traitant vos donn\u00e9es personnelles .<\/span><\/span><\/p><p style=\"text-align: justify;\"><span style=\"color: #333333;\">Dans la mesure permise par la loi en vigueur, les agences de recouvrement sont des soci\u00e9t\u00e9s externes que nous sollicitons pour nous aider \u00e0 v\u00e9rifier votre solvabilit\u00e9<span style=\"mso-spacerun: yes;\">\u00a0 <\/span>ou pour recouvrer des cr\u00e9ances r\u00e9sultant de factures impay\u00e9es.<\/span><\/p><p style=\"text-align: justify;\"><span style=\"color: #333333;\">Soci\u00e9t\u00e9s tierces utilisant des donn\u00e9es personnelles \u00e0 leurs propres fins de marketing. \u00c0 l&rsquo;exception des cas o\u00f9 vous avez donn\u00e9 votre consentement, Nous n&rsquo;exploitons pas sous licence et ne vendons pas vos donn\u00e9es personnelles \u00e0 des soci\u00e9t\u00e9s tierces pour leurs propres fins de marketing. L&rsquo;identit\u00e9 de ces soci\u00e9t\u00e9s tierces sera communiqu\u00e9e au moment o\u00f9 votre consentement sera sollicit\u00e9.<\/span><\/p><p style=\"text-align: justify; line-height: 1.5rem;\"><span style=\"color: #333333;\"><strong>6. CONSERVATION DE VOS DONN\u00c9ES PERSONNELLES<\/strong><\/span><br \/><span style=\"text-align: justify;\"><span style=\"color: #333333;\">Conform\u00e9ment aux lois en vigueur, Nous utiliserons vos donn\u00e9es personnelles aussi longtemps que n\u00e9cessaire pour satisfaire aux fins auxquelles vos donn\u00e9es personnelles sont recueillies ou pour respecter les obligations l\u00e9gales applicables. Les donn\u00e9es personnelles utilis\u00e9es pour vous proposer une exp\u00e9rience personnalis\u00e9e seront conserv\u00e9es pendant la dur\u00e9e permise par les lois en vigueur.<\/span><\/span><\/p><p style=\"text-align: justify; line-height: 1.5rem;\"><span style=\"color: #333333;\"><strong>7. ACC\u00c8S \u00c0 VOS DONN\u00c9ES PERSONNELLES<\/strong><\/span><br \/><span style=\"text-align: justify;\"><span style=\"color: #333333;\">Lorsque la loi le pr\u00e9voit, vous, vos successeurs, repr\u00e9sentants et \/ou mandataires avez le droit d&rsquo;acc\u00e9der \u00e0 , de consulter et de demander une copie physique ou \u00e9lectronique des informations que Nous d\u00e9tenons \u00e0 votre sujet. Vous avez \u00e9galement le droit de demander des informations sur la provenance de vos Donn\u00e9es personnelles.<\/span><\/span><\/p><p style=\"text-align: justify;\"><span style=\"color: #333333;\">Vous pouvez exercer ces droits par voie postale \u00e0 l\u2019adresse\u00a0: 2A Route De Lyon Immeuble Le Sud Ouest \u2013 1er \u00e9tage 69530 Brignais, en joignant \u00e0 votre courrier une copie de votre pi\u00e8ce d&rsquo;identit\u00e9 ou tout autre justificatif d&rsquo;identit\u00e9 (lorsque nous le demandons et lorsque la loi le permet). Si la demande est soumise par une personne autre que vous, sans preuve que la demande est l\u00e9galement formul\u00e9e en votre nom, la demande sera rejet\u00e9e. Sachez que toute information d&rsquo;identification qui nous sera fournie sera trait\u00e9e uniquement en conformit\u00e9 avec, et dans la mesure permise par, les lois en vigueur.<\/span><\/p><p style=\"text-align: justify;\"><span style=\"color: #333333;\">Nous esp\u00e9rons \u00eatre en mesure de r\u00e9pondre aux questions et requ\u00eates que vous pourriez avoir concernant la mani\u00e8re dont nous traitons vos donn\u00e9es personnelles. Toutefois, si nous ne parvenons pas \u00e0 dissiper toutes vos craintes, vous avez \u00e9galement le droit de porter r\u00e9clamation aupr\u00e8s des autorit\u00e9s de protection des donn\u00e9es comp\u00e9tentes.<\/span><\/p><p style=\"text-align: justify; line-height: 1.5rem;\"><span style=\"color: #333333;\"><strong>8. MODIFICATIONS APPORT\u00c9ES \u00c0 NOTRE POLITIQUE<\/strong><\/span><br \/><span style=\"text-align: justify;\"><span style=\"color: #333333;\">En cas de modification de la mani\u00e8re dont nous g\u00e9rons et traitons vos donn\u00e9es personnelles, la pr\u00e9sente politique peut \u00eatre modifi\u00e9e de temps \u00e0 autre. Nous nous r\u00e9servons le droit de modifier nos pratiques et la pr\u00e9sente politique \u00e0 tout moment. Veuillez v\u00e9rifier r\u00e9guli\u00e8rement la pr\u00e9sence de mises \u00e0 jour ou de modifications dans notre politique.<\/span><\/span><\/p><p style=\"text-align: justify; line-height: 1.5rem;\"><span style=\"color: #333333;\"><strong>9. RESPONSABLES DU TRAITEMENT ET CONTACTS<\/strong><\/span><br \/><span style=\"text-align: justify;\"><span style=\"color: #333333;\">Pour poser des questions, faire part de vos remarques au sujet de la pr\u00e9sente politique et de nos pratiques en mati\u00e8re de confidentialit\u00e9, ou porter r\u00e9clamation pour non-conformit\u00e9 avec les lois sur la protection de la vie priv\u00e9e en vigueur, veuillez Nous contacter par courrier postal au 56 Av. Chanoine Cartellier, 69230 Saint-Genis-Laval, France ou par t\u00e9l\u00e9phone au 09 80 46 39 81<\/span><\/span><\/p>\t\t\t\t\t\t\t\t<\/div>\n\t\t\t\t<\/div>\n\t\t\t\t\t<\/div>\n\t\t<\/div>\n\t\t\t\t\t<\/div>\n\t\t<\/section>\n\t\t\t\t<section class=\"elementor-section elementor-top-section elementor-element elementor-element-e7ed77f elementor-section-boxed elementor-section-height-default elementor-section-height-default\" data-id=\"e7ed77f\" data-element_type=\"section\">\n\t\t\t\t\t\t<div class=\"elementor-container elementor-column-gap-default\">\n\t\t\t\t\t<div class=\"elementor-column elementor-col-100 elementor-top-column elementor-element elementor-element-07e89cc\" data-id=\"07e89cc\" data-element_type=\"column\">\n\t\t\t<div class=\"elementor-widget-wrap elementor-element-populated\">\n\t\t\t\t\t\t<div class=\"elementor-element elementor-element-24c362f elementor-widget elementor-widget-spacer\" data-id=\"24c362f\" data-element_type=\"widget\" data-widget_type=\"spacer.default\">\n\t\t\t\t<div class=\"elementor-widget-container\">\n\t\t\t\t\t\t\t<div class=\"elementor-spacer\">\n\t\t\t<div class=\"elementor-spacer-inner\"><\/div>\n\t\t<\/div>\n\t\t\t\t\t\t<\/div>\n\t\t\t\t<\/div>\n\t\t\t\t<div class=\"elementor-element elementor-element-f524fe8 elementor-widget elementor-widget-text-editor\" data-id=\"f524fe8\" data-element_type=\"widget\" data-widget_type=\"text-editor.default\">\n\t\t\t\t<div class=\"elementor-widget-container\">\n\t\t\t\t\t\t\t\t\t<p style=\"text-align: center;\">Nous reconna\u00eetrons et examinerons toute r\u00e9clamation relative \u00e0 la mani\u00e8re dont nous g\u00e9rons vos donn\u00e9es personnelles <br \/><em>(y compris une r\u00e9clamation indiquant que nous avons port\u00e9 atteinte \u00e0 vos droits selon les lois sur la protection de la vie priv\u00e9e en vigueur)<\/em>.<\/p>\t\t\t\t\t\t\t\t<\/div>\n\t\t\t\t<\/div>\n\t\t\t\t<div class=\"elementor-element elementor-element-530d5bb elementor-widget elementor-widget-spacer\" data-id=\"530d5bb\" data-element_type=\"widget\" data-widget_type=\"spacer.default\">\n\t\t\t\t<div class=\"elementor-widget-container\">\n\t\t\t\t\t\t\t<div class=\"elementor-spacer\">\n\t\t\t<div class=\"elementor-spacer-inner\"><\/div>\n\t\t<\/div>\n\t\t\t\t\t\t<\/div>\n\t\t\t\t<\/div>\n\t\t\t\t\t<\/div>\n\t\t<\/div>\n\t\t\t\t\t<\/div>\n\t\t<\/section>\n\t\t\t\t<\/div>\n\t\t","protected":false},"excerpt":{"rendered":"<p>POLITIQUE de confidentialit\u00e9 La Skin Acad\u00e9mie by M\u00e9diAge Formations OF n\u00b084691484269 Veuillez lire attentivement la pr\u00e9sente politique de protection des donn\u00e9es personnelles afin de comprendre les pratiques concernant os donn\u00e9es personnelles et la mani\u00e8re dont nous les traitons.\u00a0 Veuillez lire attentivement la pr\u00e9sente politique de protection des donn\u00e9es personnelles afin de comprendre les et pratiques [&hellip;]<\/p>\n","protected":false},"author":1,"featured_media":0,"parent":0,"menu_order":0,"comment_status":"closed","ping_status":"closed","template":"","meta":{"footnotes":""},"class_list":["post-259","page","type-page","status-publish","hentry"],"_links":{"self":[{"href":"https:\/\/www.centremediage.fr\/laskinacademie.com\/wp-json\/wp\/v2\/pages\/259","targetHints":{"allow":["GET"]}}],"collection":[{"href":"https:\/\/www.centremediage.fr\/laskinacademie.com\/wp-json\/wp\/v2\/pages"}],"about":[{"href":"https:\/\/www.centremediage.fr\/laskinacademie.com\/wp-json\/wp\/v2\/types\/page"}],"author":[{"embeddable":true,"href":"https:\/\/www.centremediage.fr\/laskinacademie.com\/wp-json\/wp\/v2\/users\/1"}],"replies":[{"embeddable":true,"href":"https:\/\/www.centremediage.fr\/laskinacademie.com\/wp-json\/wp\/v2\/comments?post=259"}],"version-history":[{"count":4,"href":"https:\/\/www.centremediage.fr\/laskinacademie.com\/wp-json\/wp\/v2\/pages\/259\/revisions"}],"predecessor-version":[{"id":263,"href":"https:\/\/www.centremediage.fr\/laskinacademie.com\/wp-json\/wp\/v2\/pages\/259\/revisions\/263"}],"wp:attachment":[{"href":"https:\/\/www.centremediage.fr\/laskinacademie.com\/wp-json\/wp\/v2\/media?parent=259"}],"curies":[{"name":"wp","href":"https:\/\/api.w.org\/{rel}","templated":true}]}}