{"id":254,"date":"2025-01-13T21:29:20","date_gmt":"2025-01-13T20:29:20","guid":{"rendered":"https:\/\/www.centremediage.fr\/laskinacademie.com\/?page_id=254"},"modified":"2025-01-13T21:29:58","modified_gmt":"2025-01-13T20:29:58","slug":"reclamation","status":"publish","type":"page","link":"https:\/\/www.centremediage.fr\/laskinacademie.com\/reclamation\/","title":{"rendered":"reclamation"},"content":{"rendered":"\t\t<div data-elementor-type=\"wp-page\" data-elementor-id=\"254\" class=\"elementor elementor-254\" data-elementor-post-type=\"page\">\n\t\t\t\t\t\t<section class=\"elementor-section elementor-top-section elementor-element elementor-element-164daeb elementor-section-boxed elementor-section-height-default elementor-section-height-default\" data-id=\"164daeb\" data-element_type=\"section\">\n\t\t\t\t\t\t<div class=\"elementor-container elementor-column-gap-default\">\n\t\t\t\t\t<div class=\"elementor-column elementor-col-100 elementor-top-column elementor-element elementor-element-de8f8fb\" data-id=\"de8f8fb\" data-element_type=\"column\">\n\t\t\t<div class=\"elementor-widget-wrap elementor-element-populated\">\n\t\t\t\t\t\t<div class=\"elementor-element elementor-element-aa88e5a elementor-widget elementor-widget-text-editor\" data-id=\"aa88e5a\" data-element_type=\"widget\" data-widget_type=\"text-editor.default\">\n\t\t\t\t<div class=\"elementor-widget-container\">\n\t\t\t\t\t\t\t\t\t<p><strong>Proc\u00e9dure simplifi\u00e9e de recueil, de prise en compte, et de traitement de r\u00e9clamation formul\u00e9e par les \u00ab parties prenantes \u00bb aux actions de formation professionnelle con\u00e7ues, commercialis\u00e9es, anim\u00e9es, \u00e9valu\u00e9es par C\u00e9cile Michel \u2013 M\u00e9diAge Formation \u2013 Version en date du 08\/11\/2021<\/strong><\/p>\t\t\t\t\t\t\t\t<\/div>\n\t\t\t\t<\/div>\n\t\t\t\t\t<\/div>\n\t\t<\/div>\n\t\t\t\t\t<\/div>\n\t\t<\/section>\n\t\t\t\t<section class=\"elementor-section elementor-top-section elementor-element elementor-element-d0a3158 elementor-section-boxed elementor-section-height-default elementor-section-height-default\" data-id=\"d0a3158\" data-element_type=\"section\">\n\t\t\t\t\t\t<div class=\"elementor-container elementor-column-gap-default\">\n\t\t\t\t\t<div class=\"elementor-column elementor-col-100 elementor-top-column elementor-element elementor-element-f43ec58\" data-id=\"f43ec58\" data-element_type=\"column\">\n\t\t\t<div class=\"elementor-widget-wrap elementor-element-populated\">\n\t\t\t\t\t\t<div class=\"elementor-element elementor-element-686693d elementor-align-center elementor-widget elementor-widget-button\" data-id=\"686693d\" data-element_type=\"widget\" data-widget_type=\"button.default\">\n\t\t\t\t<div class=\"elementor-widget-container\">\n\t\t\t\t\t\t\t\t\t<div class=\"elementor-button-wrapper\">\n\t\t\t\t\t<a class=\"elementor-button elementor-button-link elementor-size-sm\" href=\"https:\/\/laskinacademie.com\/formulaire-de-reclamation\/\">\n\t\t\t\t\t\t<span class=\"elementor-button-content-wrapper\">\n\t\t\t\t\t\t\t\t\t<span class=\"elementor-button-text\">Formulaire de R\u00e9clamation<\/span>\n\t\t\t\t\t<\/span>\n\t\t\t\t\t<\/a>\n\t\t\t\t<\/div>\n\t\t\t\t\t\t\t\t<\/div>\n\t\t\t\t<\/div>\n\t\t\t\t\t<\/div>\n\t\t<\/div>\n\t\t\t\t\t<\/div>\n\t\t<\/section>\n\t\t\t\t<section class=\"elementor-section elementor-top-section elementor-element elementor-element-b8fde24 elementor-section-boxed elementor-section-height-default elementor-section-height-default\" data-id=\"b8fde24\" data-element_type=\"section\">\n\t\t\t\t\t\t<div class=\"elementor-container elementor-column-gap-default\">\n\t\t\t\t\t<div class=\"elementor-column elementor-col-100 elementor-top-column elementor-element elementor-element-a80dfec\" data-id=\"a80dfec\" data-element_type=\"column\">\n\t\t\t<div class=\"elementor-widget-wrap elementor-element-populated\">\n\t\t\t\t\t\t<div class=\"elementor-element elementor-element-0b6b6ad elementor-widget elementor-widget-text-editor\" data-id=\"0b6b6ad\" data-element_type=\"widget\" data-widget_type=\"text-editor.default\">\n\t\t\t\t<div class=\"elementor-widget-container\">\n\t\t\t\t\t\t\t\t\t<ol><li><strong> D\u00e9finition (Guide Qualiopi Minist\u00e8re du Travail \u2013 Indicateur 31) :\u00a0<\/strong><\/li><\/ol><p>\u00ab Une r\u00e9clamation consiste en une action visant \u00e0 faire respecter un droit, ou \u00e0 demander une chose due, recueillie par \u00e9crit \u00bb.\u00a0<\/p><p>C\u2019est donc une d\u00e9claration actant le m\u00e9contentement d\u2019un client envers un professionnel.\u00a0<\/p><p>Une demande de service ou de prestation, une demande d\u2019information, de clarification, ou une demande d\u2019avis, n\u2019est pas une r\u00e9clamation.\u00a0<\/p><ol start=\"2\"><li><strong> Champ d\u2019application :\u00a0<\/strong><\/li><\/ol><p>Toutes les actions de formation professionnelle con\u00e7ues, commercialis\u00e9es, anim\u00e9es, \u00e9valu\u00e9es par C\u00e9cile MICHEL \u2013 MEDIAGE FORMATIONS, sont concern\u00e9es, et notamment les diff\u00e9rents accompagnements p\u00e9dagogiques portant sur :\u00a0<\/p><ul><li>L\u2019obtention d\u2019une Certification Qualit\u00e9 en tant qu\u2019OPAC (Organisme Prestataire d\u2019Actions concourant au d\u00e9veloppement des Comp\u00e9tences professionnelles).<\/li><li>Toute action de formation r\u00e9alis\u00e9e en face \u00e0 face ou \u00e0 distance sur les th\u00e9matiques dispens\u00e9es par C\u00e9cile MICHEL \u2013 MEDIAGE FORMATIONS.<\/li><\/ul><p>La pr\u00e9sente proc\u00e9dure s\u2019applique \u00e0 l\u2019ensemble des parties prenantes auxdites actions de formation professionnelle (prospects, clients, commanditaires, stagiaires, financeurs, certificateur de l\u2019OF C\u00e9cile MICHEL \u2013 MEDIAGE FORMATIONS, prescripteurs, \u00e9ventuels sous-traitants, institutions ayant un lien direct dans le processus desdites actions).\u00a0<\/p><ol start=\"3\"><li><strong> Grands principes :\u00a0<\/strong><\/li><\/ol><p>Si une \u00ab partie prenante \u00bb manifeste d\u2019une quelconque fa\u00e7on un m\u00e9contentement, de mani\u00e8re verbale (en face \u00e0 face ou au 04 7884 93 89 ou \u00e9crite, cette \u00ab partie prenante \u00bb est invit\u00e9e \u00e0 formaliser son m\u00e9contentement au moyen du formulaire ad\u00e9quat. Ce formulaire est disponible sur Internet ou sur demande directe par mail faite \u00e0 C\u00e9cile MICHEL \u2013 MEDIAGE FORMATIONS (contact@mediageformations.com), en indiquant \u00ab RECLAMATION \u00bb dans l\u2019objet du mail.<\/p><p>Elles feront l\u2019objet d\u2019un traitement raisonnable et rapide.\u00a0<\/p><p>Chaque document doit \u00eatre consign\u00e9e et des mesures de traitement sont mises en place rapidement. Le \u00ab r\u00e9clamant \u00bb est averti des modalit\u00e9s de traitement\u00a0et re\u00e7oit une r\u00e9ponse appropri\u00e9e dans les meilleurs d\u00e9lais. Si besoin, le recours \u00e0 un M\u00e9diateur externe peut \u00eatre requis, prioritairement aux voies judiciaires usuelles, notamment en cas de rejet ou de refus de faire droit en totalit\u00e9 ou partiellement \u00e0 la r\u00e9clamation.\u00a0<\/p><p>La confidentialit\u00e9 des donn\u00e9es \u00e0 caract\u00e8re personnel est respect\u00e9e, et la globalit\u00e9 de la pr\u00e9sente proc\u00e9dure de r\u00e9clamations est conforme aux dispositions du RGPD.\u00a0<\/p><ol start=\"4\"><li><strong> Description du processus :\u00a0<\/strong><\/li><\/ol><p>Un traitement rapide et efficace de la r\u00e9clamation consiste \u00e0 :\u00a0<\/p><ul><li>Identifier et centraliser les r\u00e9clamations r\u00e9ceptionn\u00e9es au moyen du formulaire FOR-REC dans sa version en vigueur \u00e0 la date de la r\u00e9clamation.<\/li><li>Traiter la demande dans les d\u00e9lais,<\/li><li>Veiller \u00e0 la satisfaction du client en cons\u00e9quence,<\/li><li>Mettre en place des actions correctives,<\/li><li>Etablir et suivre des indicateurs li\u00e9s aux r\u00e9clamations des clients, pour am\u00e9liorer les dispositifs.<\/li><\/ul><ol start=\"5\"><li><strong> Enregistrement et traitement de la r\u00e9clamation :\u00a0<\/strong><\/li><\/ol><p>Chaque r\u00e9clamation est consign\u00e9e dans un Registre des R\u00e9clamations. Dans le cas o\u00f9 la r\u00e9clamation serait jug\u00e9e incompl\u00e8te, une demande d\u2019informations compl\u00e9mentaires sera adress\u00e9e au \u00ab R\u00e9clamant \u00bb avant inscription au Registre des R\u00e9clamations.\u00a0<\/p><p>Les \u00e9l\u00e9ments figurant au Registre sont :\u00a0<\/p><ul><li>Num\u00e9ro de la r\u00e9clamation.<\/li><li>Date de r\u00e9ception du formulaire conforme de r\u00e9clamations, compl\u00e9t\u00e9 par le \u00ab R\u00e9clamant \u00bb.<\/li><li>Date de r\u00e9clamation initiale (si information pertinente).<\/li><li>Mode de r\u00e9clamation initiale.<\/li><li>Nom du client<\/li><li>Objet de la r\u00e9clamation<\/li><li>Contrat, produit ou service vis\u00e9 par la r\u00e9clamation<\/li><li>Intervenants \u00e9ventuellement concern\u00e9s par la r\u00e9clamation (personnes physiques ou morales autres que C\u00e9cile MICHEL \u2013 MEDIAGE FORMATIONS)<\/li><li>Op\u00e9ration(s) concern\u00e9e(s)<\/li><li>Description de la r\u00e9clamation<\/li><li>Identification des manquements de l\u2019OF C\u00e9cile MICHEL \u2013 MEDIAGE FORMATIONS<\/li><li>R\u00e9ponse apport\u00e9e \u00e0 la r\u00e9clamation (r\u00e9ponse positive ou n\u00e9gative \u00e0 la demande du client)<\/li><li>Actions men\u00e9es (avec dates)<\/li><li>R\u00e9solution du dysfonctionnement ou du m\u00e9contentement<\/li><li>Date de r\u00e9ponse au \u00ab R\u00e9clamant \u00bb<\/li><li>Num\u00e9ro du formulaire de r\u00e9ponse au \u00ab R\u00e9clamant \u00bb<\/li><li>Indications sur l\u2019emplacement des pi\u00e8ces justificatives.<\/li><\/ul><p>Chaque r\u00e9clamation fera en outre l\u2019objet d\u2019un dossier distinct dans lequel seront repris les \u00e9l\u00e9ments suivants :\u00a0<\/p><ul><li>La r\u00e9clamation \u00e9crite du client sur le formulaire en vigueur.<\/li><li>Les actions et les solutions apport\u00e9es \u00e0 cette r\u00e9clamation, avec toutes pi\u00e8ces justificatives utiles.<\/li><li>Une copie de la r\u00e9ponse apport\u00e9e au \u00ab R\u00e9clamant \u00bb.<\/li><\/ul><p>La r\u00e9clamation est conserv\u00e9e et archiv\u00e9e dans le Classeur des R\u00e9clamations pendant une dur\u00e9e de 7 (sept) ans \u00e0 compter de la date de cl\u00f4ture du dossier ou de la cessation de la relation avec la \u00ab partie prenante \u00bb, en conformit\u00e9 avec le RGPD.\u00a0<\/p><ol start=\"6\"><li><strong> Contr\u00f4le interne :\u00a0<\/strong><\/li><\/ol><p>C\u00e9cile MICHEL \u2013 MEDIAGE FORMATIONS \u00e9tablit un rapport annuel sur la conformit\u00e9 et le contr\u00f4le interne des r\u00e9clamations et de leur traitement.\u00a0<\/p>\t\t\t\t\t\t\t\t<\/div>\n\t\t\t\t<\/div>\n\t\t\t\t\t<\/div>\n\t\t<\/div>\n\t\t\t\t\t<\/div>\n\t\t<\/section>\n\t\t\t\t<\/div>\n\t\t","protected":false},"excerpt":{"rendered":"<p>Proc\u00e9dure simplifi\u00e9e de recueil, de prise en compte, et de traitement de r\u00e9clamation formul\u00e9e par les \u00ab parties prenantes \u00bb aux actions de formation professionnelle con\u00e7ues, commercialis\u00e9es, anim\u00e9es, \u00e9valu\u00e9es par C\u00e9cile Michel \u2013 M\u00e9diAge Formation \u2013 Version en date du 08\/11\/2021 Formulaire de R\u00e9clamation D\u00e9finition (Guide Qualiopi Minist\u00e8re du Travail \u2013 Indicateur 31) :\u00a0 \u00ab [&hellip;]<\/p>\n","protected":false},"author":1,"featured_media":0,"parent":0,"menu_order":0,"comment_status":"closed","ping_status":"closed","template":"","meta":{"footnotes":""},"class_list":["post-254","page","type-page","status-publish","hentry"],"_links":{"self":[{"href":"https:\/\/www.centremediage.fr\/laskinacademie.com\/wp-json\/wp\/v2\/pages\/254","targetHints":{"allow":["GET"]}}],"collection":[{"href":"https:\/\/www.centremediage.fr\/laskinacademie.com\/wp-json\/wp\/v2\/pages"}],"about":[{"href":"https:\/\/www.centremediage.fr\/laskinacademie.com\/wp-json\/wp\/v2\/types\/page"}],"author":[{"embeddable":true,"href":"https:\/\/www.centremediage.fr\/laskinacademie.com\/wp-json\/wp\/v2\/users\/1"}],"replies":[{"embeddable":true,"href":"https:\/\/www.centremediage.fr\/laskinacademie.com\/wp-json\/wp\/v2\/comments?post=254"}],"version-history":[{"count":4,"href":"https:\/\/www.centremediage.fr\/laskinacademie.com\/wp-json\/wp\/v2\/pages\/254\/revisions"}],"predecessor-version":[{"id":258,"href":"https:\/\/www.centremediage.fr\/laskinacademie.com\/wp-json\/wp\/v2\/pages\/254\/revisions\/258"}],"wp:attachment":[{"href":"https:\/\/www.centremediage.fr\/laskinacademie.com\/wp-json\/wp\/v2\/media?parent=254"}],"curies":[{"name":"wp","href":"https:\/\/api.w.org\/{rel}","templated":true}]}}