{"id":249,"date":"2025-01-13T21:24:52","date_gmt":"2025-01-13T20:24:52","guid":{"rendered":"https:\/\/www.centremediage.fr\/laskinacademie.com\/?page_id=249"},"modified":"2025-01-13T21:27:09","modified_gmt":"2025-01-13T20:27:09","slug":"mention-legales","status":"publish","type":"page","link":"https:\/\/www.centremediage.fr\/laskinacademie.com\/mention-legales\/","title":{"rendered":"Mention legales"},"content":{"rendered":"\t\t<div data-elementor-type=\"wp-page\" data-elementor-id=\"249\" class=\"elementor elementor-249\" data-elementor-post-type=\"page\">\n\t\t\t\t\t\t<section class=\"elementor-section elementor-top-section elementor-element elementor-element-bb2566f elementor-section-full_width elementor-section-height-default elementor-section-height-default\" data-id=\"bb2566f\" data-element_type=\"section\">\n\t\t\t\t\t\t<div class=\"elementor-container elementor-column-gap-no\">\n\t\t\t\t\t<div class=\"elementor-column elementor-col-100 elementor-top-column elementor-element elementor-element-ad5d416\" data-id=\"ad5d416\" data-element_type=\"column\">\n\t\t\t<div class=\"elementor-widget-wrap elementor-element-populated\">\n\t\t\t\t\t\t<div class=\"elementor-element elementor-element-9c2d788 image-100p elementor-widget elementor-widget-image\" data-id=\"9c2d788\" data-element_type=\"widget\" data-widget_type=\"image.default\">\n\t\t\t\t<div class=\"elementor-widget-container\">\n\t\t\t\t\t\t\t\t\t\t\t\t\t\t\t<img decoding=\"async\" src=\"https:\/\/www.centremediage.fr\/laskinacademie.com\/wp-content\/plugins\/elementor\/assets\/images\/placeholder.png\" title=\"\" alt=\"\" loading=\"lazy\" \/>\t\t\t\t\t\t\t\t\t\t\t\t\t\t\t<\/div>\n\t\t\t\t<\/div>\n\t\t\t\t\t<\/div>\n\t\t<\/div>\n\t\t\t\t\t<\/div>\n\t\t<\/section>\n\t\t\t\t<section class=\"elementor-section elementor-top-section elementor-element elementor-element-1ef1131 elementor-section-full_width elementor-section-height-default elementor-section-height-default\" data-id=\"1ef1131\" data-element_type=\"section\" data-settings=\"{&quot;background_background&quot;:&quot;classic&quot;}\">\n\t\t\t\t\t\t<div class=\"elementor-container elementor-column-gap-wider\">\n\t\t\t\t\t<div class=\"elementor-column elementor-col-100 elementor-top-column elementor-element elementor-element-9242989\" data-id=\"9242989\" data-element_type=\"column\" data-settings=\"{&quot;background_background&quot;:&quot;classic&quot;}\">\n\t\t\t<div class=\"elementor-widget-wrap elementor-element-populated\">\n\t\t\t\t\t\t<div class=\"elementor-element elementor-element-c9f52d1 elementor-widget elementor-widget-spacer\" data-id=\"c9f52d1\" data-element_type=\"widget\" data-widget_type=\"spacer.default\">\n\t\t\t\t<div class=\"elementor-widget-container\">\n\t\t\t\t\t\t\t<div class=\"elementor-spacer\">\n\t\t\t<div class=\"elementor-spacer-inner\"><\/div>\n\t\t<\/div>\n\t\t\t\t\t\t<\/div>\n\t\t\t\t<\/div>\n\t\t\t\t<div class=\"elementor-element elementor-element-60caff2 elementor-widget elementor-widget-heading\" data-id=\"60caff2\" data-element_type=\"widget\" data-widget_type=\"heading.default\">\n\t\t\t\t<div class=\"elementor-widget-container\">\n\t\t\t\t\t<h1 class=\"elementor-heading-title elementor-size-default\"><span style=\"font-weight: 300\">Mentions l\u00e9gales<\/span><\/h1>\t\t\t\t<\/div>\n\t\t\t\t<\/div>\n\t\t\t\t<div class=\"elementor-element elementor-element-47502d8 elementor-hidden-mobile elementor-widget elementor-widget-spacer\" data-id=\"47502d8\" data-element_type=\"widget\" data-widget_type=\"spacer.default\">\n\t\t\t\t<div class=\"elementor-widget-container\">\n\t\t\t\t\t\t\t<div class=\"elementor-spacer\">\n\t\t\t<div class=\"elementor-spacer-inner\"><\/div>\n\t\t<\/div>\n\t\t\t\t\t\t<\/div>\n\t\t\t\t<\/div>\n\t\t\t\t<div class=\"elementor-element elementor-element-408f10f elementor-widget-divider--view-line elementor-widget elementor-widget-divider\" data-id=\"408f10f\" data-element_type=\"widget\" data-widget_type=\"divider.default\">\n\t\t\t\t<div class=\"elementor-widget-container\">\n\t\t\t\t\t\t\t<div class=\"elementor-divider\">\n\t\t\t<span class=\"elementor-divider-separator\">\n\t\t\t\t\t\t<\/span>\n\t\t<\/div>\n\t\t\t\t\t\t<\/div>\n\t\t\t\t<\/div>\n\t\t\t\t\t<\/div>\n\t\t<\/div>\n\t\t\t\t\t<\/div>\n\t\t<\/section>\n\t\t\t\t<section class=\"elementor-section elementor-top-section elementor-element elementor-element-eb7024c elementor-section-boxed elementor-section-height-default elementor-section-height-default\" data-id=\"eb7024c\" data-element_type=\"section\">\n\t\t\t\t\t\t<div class=\"elementor-container elementor-column-gap-default\">\n\t\t\t\t\t<div class=\"elementor-column elementor-col-100 elementor-top-column elementor-element elementor-element-d35c3cf\" data-id=\"d35c3cf\" data-element_type=\"column\">\n\t\t\t<div class=\"elementor-widget-wrap elementor-element-populated\">\n\t\t\t\t\t\t<div class=\"elementor-element elementor-element-d073b0c elementor-widget elementor-widget-spacer\" data-id=\"d073b0c\" data-element_type=\"widget\" data-widget_type=\"spacer.default\">\n\t\t\t\t<div class=\"elementor-widget-container\">\n\t\t\t\t\t\t\t<div class=\"elementor-spacer\">\n\t\t\t<div class=\"elementor-spacer-inner\"><\/div>\n\t\t<\/div>\n\t\t\t\t\t\t<\/div>\n\t\t\t\t<\/div>\n\t\t\t\t\t<\/div>\n\t\t<\/div>\n\t\t\t\t\t<\/div>\n\t\t<\/section>\n\t\t\t\t<section class=\"elementor-section elementor-top-section elementor-element elementor-element-0a4812b elementor-section-content-top elementor-section-boxed elementor-section-height-default elementor-section-height-default\" data-id=\"0a4812b\" data-element_type=\"section\">\n\t\t\t\t\t\t<div class=\"elementor-container elementor-column-gap-default\">\n\t\t\t\t\t<div class=\"elementor-column elementor-col-50 elementor-top-column elementor-element elementor-element-e21c04b\" data-id=\"e21c04b\" data-element_type=\"column\">\n\t\t\t<div class=\"elementor-widget-wrap elementor-element-populated\">\n\t\t\t\t\t\t<div class=\"elementor-element elementor-element-c2b8fa8 elementor-widget elementor-widget-text-editor\" data-id=\"c2b8fa8\" data-element_type=\"widget\" data-widget_type=\"text-editor.default\">\n\t\t\t\t<div class=\"elementor-widget-container\">\n\t\t\t\t\t\t\t\t\t<p><strong>Editeur<\/strong><br \/><i>SAS La Skin Acad\u00e9mie<\/i><br \/><span class=\"LrzXr\">56 Av. Chanoine Cartellier\u00a0<\/span><span style=\"color: var( --e-global-color-text ); font-family: var( --e-global-typography-text-font-family ), Sans-serif; font-size: 0.9rem; font-weight: var( --e-global-typography-text-font-weight );\">Entr\u00e9e A, 69230 Saint-Genis-Laval<\/span><\/p><p>04 78 84 93 89<br \/>contact@mediageformations.com<\/p><p>www.laskinacademie.com<\/p><p><strong>Directrice de la publication<\/strong><br \/>C\u00e9cile MICHEL<\/p><p><strong>H\u00e9bergement<\/strong><br \/>Equinix PA4 \u2013 PlanetHoster \u2022 110 bis Avenue du G\u00e9n\u00e9ral Leclerc \u2013 Pantin, 93500 \u2013 FRANCE<\/p><p><strong>D\u00e9veloppement<\/strong><br \/>www.couleurmandarine.fr<\/p><p><strong>Cr\u00e9dit Photo<\/strong><br \/>Copyright \u00a9 Couleur Mandarine<\/p><p><strong>Droit applicable<\/strong><br \/>Le Site et les pr\u00e9sentes mentions l\u00e9gales sont soumis au droit fran\u00e7ais<\/p>\t\t\t\t\t\t\t\t<\/div>\n\t\t\t\t<\/div>\n\t\t\t\t\t<\/div>\n\t\t<\/div>\n\t\t\t\t<div class=\"elementor-column elementor-col-50 elementor-top-column elementor-element elementor-element-ffcf79a\" data-id=\"ffcf79a\" data-element_type=\"column\">\n\t\t\t<div class=\"elementor-widget-wrap elementor-element-populated\">\n\t\t\t\t\t\t<div class=\"elementor-element elementor-element-fc608ca elementor-widget elementor-widget-text-editor\" data-id=\"fc608ca\" data-element_type=\"widget\" data-widget_type=\"text-editor.default\">\n\t\t\t\t<div class=\"elementor-widget-container\">\n\t\t\t\t\t\t\t\t\t<p><strong>Droits de propri\u00e9t\u00e9 intellectuelle attach\u00e9s au Site<\/strong><br>Le Site est une oeuvre de l\u2019esprit prot\u00e9g\u00e9e par le droit de la propri\u00e9t\u00e9 intellectuelle. Le Site et chacun des \u00e9l\u00e9ments qui le composent (tels que marques, logos, photographies, images, illustrations, textes, clips vid\u00e9o\u2026) sont la propri\u00e9t\u00e9 exclusive de la soci\u00e9t\u00e9 M\u00e9diage Formations seule habilit\u00e9e \u00e0 utiliser les droits de propri\u00e9t\u00e9 intellectuelle et droits de la personnalit\u00e9 y aff\u00e9rents, celle-ci ne conc\u00e9dant aucune licence, ni aucun autre droit que celui de consulter le site.<\/p>\n<p>La reproduction de tous documents publi\u00e9s sur le site est seulement autoris\u00e9e aux fins exclusives d\u2019information pour un usage strictement personnel et priv\u00e9. Toute reproduction ou repr\u00e9sentation, int\u00e9grale ou partielle, du site, ou de l\u2019un quelconque des \u00e9l\u00e9ments qui le composent, sur quelque support que ce soit, et sous quelque forme que ce soit, \u00e0 d\u2019autres fins, et notamment commerciales, est express\u00e9ment interdite.<\/p>\n<p>Toute demande d\u2019autorisation doit \u00eatre adress\u00e9e \u00e0 l\u2019adresse suivante : Mediage Formations 2A Route de Lyon Immeuble Le Sud Ouest \u2013 1er \u00e9tage 69530 Brignais. Toute utilisation non autoris\u00e9e constitue une contrefa\u00e7on sanctionn\u00e9e p\u00e9nalement.<\/p>\n<p><strong>Donn\u00e9es nominatives<\/strong><br>La soci\u00e9t\u00e9 Mediage Formations pourra \u00eatre amen\u00e9e \u00e0 collecter des donn\u00e9es personnelles concernant l\u2019Utilisateur (newsletter, contact, inscriptions\u2026).<\/p>\n<p>Conform\u00e9ment aux dispositions de la loi Informatique et Libert\u00e9s, l\u2019Utilisateur est inform\u00e9 qu\u2019il dispose d\u2019un droit d\u2019acc\u00e8s, de rectification et de suppression des donn\u00e9es personnelles le concernant.<\/p>\n<p>Pour exercer ce droit, l\u2019Utilisateur doit adresser une lettre \u00e0 l\u2019adresse suivante : Mediage Formations 2A Route de Lyon Immeuble Le Sud Ouest \u2013 1er \u00e9tage 69530 Brignais.<\/p>\n<p>Enfin, sauf opposition de la part de l\u2019Utilisateur, M\u00e9diage Formations pourra \u00eatre amen\u00e9 \u00e0 transf\u00e9rer des donn\u00e9es le concernant \u00e0 ses partenaires.<\/p>\t\t\t\t\t\t\t\t<\/div>\n\t\t\t\t<\/div>\n\t\t\t\t\t<\/div>\n\t\t<\/div>\n\t\t\t\t\t<\/div>\n\t\t<\/section>\n\t\t\t\t<section class=\"elementor-section elementor-top-section elementor-element elementor-element-7388c00 elementor-section-boxed elementor-section-height-default elementor-section-height-default\" data-id=\"7388c00\" data-element_type=\"section\">\n\t\t\t\t\t\t<div class=\"elementor-container elementor-column-gap-default\">\n\t\t\t\t\t<div class=\"elementor-column elementor-col-100 elementor-top-column elementor-element elementor-element-0a6c106\" data-id=\"0a6c106\" data-element_type=\"column\">\n\t\t\t<div class=\"elementor-widget-wrap elementor-element-populated\">\n\t\t\t\t\t\t<div class=\"elementor-element elementor-element-930516e elementor-widget elementor-widget-spacer\" data-id=\"930516e\" data-element_type=\"widget\" data-widget_type=\"spacer.default\">\n\t\t\t\t<div class=\"elementor-widget-container\">\n\t\t\t\t\t\t\t<div class=\"elementor-spacer\">\n\t\t\t<div class=\"elementor-spacer-inner\"><\/div>\n\t\t<\/div>\n\t\t\t\t\t\t<\/div>\n\t\t\t\t<\/div>\n\t\t\t\t\t<\/div>\n\t\t<\/div>\n\t\t\t\t\t<\/div>\n\t\t<\/section>\n\t\t\t\t<\/div>\n\t\t","protected":false},"excerpt":{"rendered":"<p>Mentions l\u00e9gales EditeurSAS La Skin Acad\u00e9mie56 Av. Chanoine Cartellier\u00a0Entr\u00e9e A, 69230 Saint-Genis-Laval 04 78 84 93 89contact@mediageformations.com www.laskinacademie.com Directrice de la publicationC\u00e9cile MICHEL H\u00e9bergementEquinix PA4 \u2013 PlanetHoster \u2022 110 bis Avenue du G\u00e9n\u00e9ral Leclerc \u2013 Pantin, 93500 \u2013 FRANCE D\u00e9veloppementwww.couleurmandarine.fr Cr\u00e9dit PhotoCopyright \u00a9 Couleur Mandarine Droit applicableLe Site et les pr\u00e9sentes mentions l\u00e9gales sont soumis [&hellip;]<\/p>\n","protected":false},"author":1,"featured_media":0,"parent":0,"menu_order":0,"comment_status":"closed","ping_status":"closed","template":"","meta":{"footnotes":""},"class_list":["post-249","page","type-page","status-publish","hentry"],"_links":{"self":[{"href":"https:\/\/www.centremediage.fr\/laskinacademie.com\/wp-json\/wp\/v2\/pages\/249","targetHints":{"allow":["GET"]}}],"collection":[{"href":"https:\/\/www.centremediage.fr\/laskinacademie.com\/wp-json\/wp\/v2\/pages"}],"about":[{"href":"https:\/\/www.centremediage.fr\/laskinacademie.com\/wp-json\/wp\/v2\/types\/page"}],"author":[{"embeddable":true,"href":"https:\/\/www.centremediage.fr\/laskinacademie.com\/wp-json\/wp\/v2\/users\/1"}],"replies":[{"embeddable":true,"href":"https:\/\/www.centremediage.fr\/laskinacademie.com\/wp-json\/wp\/v2\/comments?post=249"}],"version-history":[{"count":4,"href":"https:\/\/www.centremediage.fr\/laskinacademie.com\/wp-json\/wp\/v2\/pages\/249\/revisions"}],"predecessor-version":[{"id":253,"href":"https:\/\/www.centremediage.fr\/laskinacademie.com\/wp-json\/wp\/v2\/pages\/249\/revisions\/253"}],"wp:attachment":[{"href":"https:\/\/www.centremediage.fr\/laskinacademie.com\/wp-json\/wp\/v2\/media?parent=249"}],"curies":[{"name":"wp","href":"https:\/\/api.w.org\/{rel}","templated":true}]}}